{"id":15341,"date":"2024-04-17T11:45:37","date_gmt":"2024-04-17T08:45:37","guid":{"rendered":"http:\/\/demo.qodeinteractive.com\/bridge90\/?page_id=15341"},"modified":"2024-04-24T15:10:44","modified_gmt":"2024-04-24T12:10:44","slug":"tehtud-tood","status":"publish","type":"page","link":"https:\/\/rmehitus.ee\/ru\/tehtud-tood\/","title":{"rendered":"\u0412\u044b\u043f\u043e\u043b\u043d\u0435\u043d\u043d\u044b\u0435 \u0440\u0430\u0431\u043e\u0442\u044b"},"content":{"rendered":"<div class=\"wpb-content-wrapper\"><p>[vc_row css_animation=&#187;&#187; row_type=&#187;row&#187; use_row_as_full_screen_section=&#187;no&#187; type=&#187;grid&#187; angled_section=&#187;no&#187; text_align=&#187;center&#187; background_image_as_pattern=&#187;without_pattern&#187; padding_top=&#187;80&#8243; padding_bottom=&#187;80&#8243; z_index=&#187;&#187;][vc_column]<div class='projects_holder_outer v3 portfolio_with_space portfolio_standard'>\n        <div class='projects_holder portfolio_main_holder clearfix v3 standard portfolio_landscape_image '>\n        \n        <article class='mix default' style=''>\n    \n    \n    \n                <div class='image_holder'>\n                <a itemprop='url' class='portfolio_link_for_touch' href='https:\/\/rmehitus.ee\/ru\/tehtud-too\/kolgakula-katusetood\/' target='_self'>\n                    \n<span class='image'><img loading=\"lazy\" decoding=\"async\" width=\"800\" height=\"600\" src=\"https:\/\/rmehitus.ee\/wp-content\/uploads\/2024\/11\/IMG_3786-800x600.jpeg\" class=\"attachment-portfolio-landscape size-portfolio-landscape wp-post-image\" alt=\"\" \/><\/span>                <\/a>\n\n                <span class='text_holder'>\n    <span class='text_outer'>\n        <span class='text_inner'>\n            <span class='feature_holder'>\n                            <span class=\"feature_holder_icons\">';\n                    \n                            <a itemprop='url' class='preview qbutton small white' href='https:\/\/rmehitus.ee\/ru\/tehtud-too\/kolgakula-katusetood\/' target='_self'>view<\/i><\/a>\n    \n                                            <\/span>\n        <\/span>\n    <\/span>\n<\/span>            <\/div>\n                <div class='portfolio_description text_align_left' style=background-color:#f9f9f9;'>\n\n        \n    <h6 itemprop=\"name\" class=\"portfolio_title entry_title\"><a itemprop=\"url\" href=\"https:\/\/rmehitus.ee\/ru\/tehtud-too\/kolgakula-katusetood\/\"  target=\"_self\"> Kolgak\u00fcla katuset\u00f6\u00f6d<\/a><\/h6>\n\n\n            <div  class=\"portfolio_separator separator  small left\"><\/div>\n\n        \n    <\/div>\n        \n<\/article>\n<article class='mix default' style=''>\n    \n    \n    \n                <div class='image_holder'>\n                <a itemprop='url' class='portfolio_link_for_touch' href='https:\/\/rmehitus.ee\/ru\/tehtud-too\/tamsalu-katus-3\/' target='_self'>\n                    \n<span class='image'><img loading=\"lazy\" decoding=\"async\" width=\"800\" height=\"600\" src=\"https:\/\/rmehitus.ee\/wp-content\/uploads\/2024\/11\/IMG_4169-800x600.jpeg\" class=\"attachment-portfolio-landscape size-portfolio-landscape wp-post-image\" alt=\"\" srcset=\"https:\/\/rmehitus.ee\/wp-content\/uploads\/2024\/11\/IMG_4169-800x600.jpeg 800w, https:\/\/rmehitus.ee\/wp-content\/uploads\/2024\/11\/IMG_4169-300x225.jpeg 300w, https:\/\/rmehitus.ee\/wp-content\/uploads\/2024\/11\/IMG_4169-1024x768.jpeg 1024w, https:\/\/rmehitus.ee\/wp-content\/uploads\/2024\/11\/IMG_4169-768x576.jpeg 768w, https:\/\/rmehitus.ee\/wp-content\/uploads\/2024\/11\/IMG_4169-1536x1152.jpeg 1536w, https:\/\/rmehitus.ee\/wp-content\/uploads\/2024\/11\/IMG_4169-700x525.jpeg 700w, https:\/\/rmehitus.ee\/wp-content\/uploads\/2024\/11\/IMG_4169.jpeg 2000w\" sizes=\"auto, (max-width: 800px) 100vw, 800px\" \/><\/span>                <\/a>\n\n                <span class='text_holder'>\n    <span class='text_outer'>\n        <span class='text_inner'>\n            <span class='feature_holder'>\n                            <span class=\"feature_holder_icons\">';\n                    \n                            <a itemprop='url' class='preview qbutton small white' href='https:\/\/rmehitus.ee\/ru\/tehtud-too\/tamsalu-katus-3\/' target='_self'>view<\/i><\/a>\n    \n                                            <\/span>\n        <\/span>\n    <\/span>\n<\/span>            <\/div>\n                <div class='portfolio_description text_align_left' style=background-color:#f9f9f9;'>\n\n        \n    <h6 itemprop=\"name\" class=\"portfolio_title entry_title\"><a itemprop=\"url\" href=\"https:\/\/rmehitus.ee\/ru\/tehtud-too\/tamsalu-katus-3\/\"  target=\"_self\"> Tamsalu katus 3<\/a><\/h6>\n\n\n            <div  class=\"portfolio_separator separator  small left\"><\/div>\n\n        \n    <\/div>\n        \n<\/article>\n<article class='mix default' style=''>\n    \n    \n    \n                <div class='image_holder'>\n                <a itemprop='url' class='portfolio_link_for_touch' href='https:\/\/rmehitus.ee\/ru\/tehtud-too\/tamsalu-katus-2\/' target='_self'>\n                    \n<span class='image'><img loading=\"lazy\" decoding=\"async\" width=\"800\" height=\"600\" src=\"https:\/\/rmehitus.ee\/wp-content\/uploads\/2024\/08\/IMG_3450-800x600.jpeg\" class=\"attachment-portfolio-landscape size-portfolio-landscape wp-post-image\" alt=\"\" \/><\/span>                <\/a>\n\n                <span class='text_holder'>\n    <span class='text_outer'>\n        <span class='text_inner'>\n            <span class='feature_holder'>\n                            <span class=\"feature_holder_icons\">';\n                    \n                            <a itemprop='url' class='preview qbutton small white' href='https:\/\/rmehitus.ee\/ru\/tehtud-too\/tamsalu-katus-2\/' target='_self'>view<\/i><\/a>\n    \n                                            <\/span>\n        <\/span>\n    <\/span>\n<\/span>            <\/div>\n                <div class='portfolio_description text_align_left' style=background-color:#f9f9f9;'>\n\n        \n    <h6 itemprop=\"name\" class=\"portfolio_title entry_title\"><a itemprop=\"url\" href=\"https:\/\/rmehitus.ee\/ru\/tehtud-too\/tamsalu-katus-2\/\"  target=\"_self\"> Tamsalu katus 2<\/a><\/h6>\n\n\n            <div  class=\"portfolio_separator separator  small left\"><\/div>\n\n        \n    <\/div>\n        \n<\/article>\n<article class='mix default' style=''>\n    \n    \n    \n                <div class='image_holder'>\n                <a itemprop='url' class='portfolio_link_for_touch' href='https:\/\/rmehitus.ee\/ru\/tehtud-too\/tamsalu-katus\/' target='_self'>\n                    \n<span class='image'><img loading=\"lazy\" decoding=\"async\" width=\"800\" height=\"600\" src=\"https:\/\/rmehitus.ee\/wp-content\/uploads\/2024\/04\/IMG_2781-800x600.jpeg\" class=\"attachment-portfolio-landscape size-portfolio-landscape wp-post-image\" alt=\"\" \/><\/span>                <\/a>\n\n                <span class='text_holder'>\n    <span class='text_outer'>\n        <span class='text_inner'>\n            <span class='feature_holder'>\n                            <span class=\"feature_holder_icons\">';\n                    \n                            <a itemprop='url' class='preview qbutton small white' href='https:\/\/rmehitus.ee\/ru\/tehtud-too\/tamsalu-katus\/' target='_self'>view<\/i><\/a>\n    \n                                            <\/span>\n        <\/span>\n    <\/span>\n<\/span>            <\/div>\n                <div class='portfolio_description text_align_left' style=background-color:#f9f9f9;'>\n\n        \n    <h6 itemprop=\"name\" class=\"portfolio_title entry_title\"><a itemprop=\"url\" href=\"https:\/\/rmehitus.ee\/ru\/tehtud-too\/tamsalu-katus\/\"  target=\"_self\"> \u041a\u0440\u044b\u0448\u0430 \u0432 \u0422\u0430\u043c\u0441\u0430\u043b\u0443<\/a><\/h6>\n\n\n            <div  class=\"portfolio_separator separator  small left\"><\/div>\n\n        \n    <\/div>\n        \n<\/article>\n<article class='mix default' style=''>\n    \n    \n    \n                <div class='image_holder'>\n                <a itemprop='url' class='portfolio_link_for_touch' href='https:\/\/rmehitus.ee\/ru\/tehtud-too\/sauna-ehitus\/' target='_self'>\n                    \n<span class='image'><img loading=\"lazy\" decoding=\"async\" width=\"259\" height=\"194\" src=\"https:\/\/rmehitus.ee\/wp-content\/uploads\/2024\/04\/IMG_2541.jpeg\" class=\"attachment-portfolio-landscape size-portfolio-landscape wp-post-image\" alt=\"\" \/><\/span>                <\/a>\n\n                <span class='text_holder'>\n    <span class='text_outer'>\n        <span class='text_inner'>\n            <span class='feature_holder'>\n                            <span class=\"feature_holder_icons\">';\n                    \n                            <a itemprop='url' class='preview qbutton small white' href='https:\/\/rmehitus.ee\/ru\/tehtud-too\/sauna-ehitus\/' target='_self'>view<\/i><\/a>\n    \n                                            <\/span>\n        <\/span>\n    <\/span>\n<\/span>            <\/div>\n                <div class='portfolio_description text_align_left' style=background-color:#f9f9f9;'>\n\n        \n    <h6 itemprop=\"name\" class=\"portfolio_title entry_title\"><a itemprop=\"url\" href=\"https:\/\/rmehitus.ee\/ru\/tehtud-too\/sauna-ehitus\/\"  target=\"_self\"> \u0421\u0442\u0440\u043e\u0438\u0442\u0435\u043b\u044c\u0441\u0442\u0432\u043e \u0441\u0430\u0443\u043d\u044b<\/a><\/h6>\n\n\n            <div  class=\"portfolio_separator separator  small left\"><\/div>\n\n        \n    <\/div>\n        \n<\/article>\n<article class='mix default' style=''>\n    \n    \n    \n                <div class='image_holder'>\n                <a itemprop='url' class='portfolio_link_for_touch' href='https:\/\/rmehitus.ee\/ru\/tehtud-too\/simuna-katus\/' target='_self'>\n                    \n<span class='image'><img loading=\"lazy\" decoding=\"async\" width=\"800\" height=\"600\" src=\"https:\/\/rmehitus.ee\/wp-content\/uploads\/2024\/04\/IMG_2590-800x600.jpeg\" class=\"attachment-portfolio-landscape size-portfolio-landscape wp-post-image\" alt=\"\" \/><\/span>                <\/a>\n\n                <span class='text_holder'>\n    <span class='text_outer'>\n        <span class='text_inner'>\n            <span class='feature_holder'>\n                            <span class=\"feature_holder_icons\">';\n                    \n                            <a itemprop='url' class='preview qbutton small white' href='https:\/\/rmehitus.ee\/ru\/tehtud-too\/simuna-katus\/' target='_self'>view<\/i><\/a>\n    \n                                            <\/span>\n        <\/span>\n    <\/span>\n<\/span>            <\/div>\n                <div class='portfolio_description text_align_left' style=background-color:#f9f9f9;'>\n\n        \n    <h6 itemprop=\"name\" class=\"portfolio_title entry_title\"><a itemprop=\"url\" href=\"https:\/\/rmehitus.ee\/ru\/tehtud-too\/simuna-katus\/\"  target=\"_self\"> \u041a\u0440\u044b\u0448\u0430 \u0432 \u0421\u0438\u043c\u0443\u043d\u0430<\/a><\/h6>\n\n\n            <div  class=\"portfolio_separator separator  small left\"><\/div>\n\n        \n    <\/div>\n        \n<\/article>\n<article class='mix default' style=''>\n    \n    \n    \n                <div class='image_holder'>\n                <a itemprop='url' class='portfolio_link_for_touch' href='https:\/\/rmehitus.ee\/ru\/tehtud-too\/aespa-eramaja-rekonstrueerimine\/' target='_self'>\n                    \n<span class='image'><img loading=\"lazy\" decoding=\"async\" width=\"800\" height=\"600\" src=\"https:\/\/rmehitus.ee\/wp-content\/uploads\/2024\/04\/IMG_1009-800x600.jpeg\" class=\"attachment-portfolio-landscape size-portfolio-landscape wp-post-image\" alt=\"\" \/><\/span>                <\/a>\n\n                <span class='text_holder'>\n    <span class='text_outer'>\n        <span class='text_inner'>\n            <span class='feature_holder'>\n                            <span class=\"feature_holder_icons\">';\n                    \n                            <a itemprop='url' class='preview qbutton small white' href='https:\/\/rmehitus.ee\/ru\/tehtud-too\/aespa-eramaja-rekonstrueerimine\/' target='_self'>view<\/i><\/a>\n    \n                                            <\/span>\n        <\/span>\n    <\/span>\n<\/span>            <\/div>\n                <div class='portfolio_description text_align_left' style=background-color:#f9f9f9;'>\n\n        \n    <h6 itemprop=\"name\" class=\"portfolio_title entry_title\"><a itemprop=\"url\" href=\"https:\/\/rmehitus.ee\/ru\/tehtud-too\/aespa-eramaja-rekonstrueerimine\/\"  target=\"_self\"> \u0420\u0435\u043a\u043e\u043d\u0441\u0442\u0440\u0443\u043a\u0446\u0438\u044f \u0447\u0430\u0441\u0442\u043d\u043e\u0433\u043e \u0434\u043e\u043c\u0430 \u0432 \u0410\u0435\u0441\u043f\u0435<\/a><\/h6>\n\n\n            <div  class=\"portfolio_separator separator  small left\"><\/div>\n\n        \n    <\/div>\n        \n<\/article>\n        <div class='filler'><\/div>\n            <div class='filler'><\/div>\n            <div class='filler'><\/div>\n        <\/div>\n\n    \n    <\/div>[\/vc_column][\/vc_row]<\/p>\n<\/div>","protected":false},"excerpt":{"rendered":"<p>[vc_row css_animation=&#187;&#187; row_type=&#187;row&#187; use_row_as_full_screen_section=&#187;no&#187; type=&#187;grid&#187; angled_section=&#187;no&#187; text_align=&#187;center&#187; background_image_as_pattern=&#187;without_pattern&#187; padding_top=&#187;80&#8243; padding_bottom=&#187;80&#8243; z_index=&#187;&#187;][vc_column][\/vc_column][\/vc_row]<\/p>\n","protected":false},"author":1,"featured_media":0,"parent":0,"menu_order":0,"comment_status":"closed","ping_status":"closed","template":"full_width.php","meta":{"footnotes":""},"class_list":["post-15341","page","type-page","status-publish","hentry"],"_links":{"self":[{"href":"https:\/\/rmehitus.ee\/ru\/wp-json\/wp\/v2\/pages\/15341","targetHints":{"allow":["GET"]}}],"collection":[{"href":"https:\/\/rmehitus.ee\/ru\/wp-json\/wp\/v2\/pages"}],"about":[{"href":"https:\/\/rmehitus.ee\/ru\/wp-json\/wp\/v2\/types\/page"}],"author":[{"embeddable":true,"href":"https:\/\/rmehitus.ee\/ru\/wp-json\/wp\/v2\/users\/1"}],"replies":[{"embeddable":true,"href":"https:\/\/rmehitus.ee\/ru\/wp-json\/wp\/v2\/comments?post=15341"}],"version-history":[{"count":5,"href":"https:\/\/rmehitus.ee\/ru\/wp-json\/wp\/v2\/pages\/15341\/revisions"}],"predecessor-version":[{"id":15556,"href":"https:\/\/rmehitus.ee\/ru\/wp-json\/wp\/v2\/pages\/15341\/revisions\/15556"}],"wp:attachment":[{"href":"https:\/\/rmehitus.ee\/ru\/wp-json\/wp\/v2\/media?parent=15341"}],"curies":[{"name":"wp","href":"https:\/\/api.w.org\/{rel}","templated":true}]}}