{"id":15252,"date":"2024-04-17T08:07:41","date_gmt":"2024-04-17T05:07:41","guid":{"rendered":"http:\/\/demo.qodeinteractive.com\/bridge90\/?page_id=15252"},"modified":"2024-07-09T15:51:33","modified_gmt":"2024-07-09T12:51:33","slug":"home","status":"publish","type":"page","link":"https:\/\/rmehitus.ee\/ru\/","title":{"rendered":"\u0413\u043b\u0430\u0432\u043d\u0430\u044f"},"content":{"rendered":"<div class=\"wpb-content-wrapper\"><p>[vc_row css_animation=&#187;&#187; row_type=&#187;row&#187; use_row_as_full_screen_section=&#187;no&#187; type=&#187;full_width&#187; angled_section=&#187;no&#187; text_align=&#187;left&#187; background_image_as_pattern=&#187;without_pattern&#187;][vc_column]<div class=\"call_to_action normal\" style=\"\"><div class=\"container_inner\"><div class=\"two_columns_75_25 clearfix\"><div class=\"text_wrapper column1\"><div class=\"call_to_action_text \" style=\"\"><span style=\"color: #ffffff\">\u0412\u0430\u0448\u0430 \u0438\u0434\u0435\u044f, \u043d\u0430\u0448\u0435 \u0432\u044b\u043f\u043e\u043b\u043d\u0435\u043d\u0438\u0435.<br \/>\n\u041d\u0435\u0442 \u0440\u0430\u0431\u043e\u0442\u044b, \u043a\u043e\u0442\u043e\u0440\u0443\u044e \u043d\u0435\u043b\u044c\u0437\u044f \u0432\u044b\u043f\u043e\u043b\u043d\u0438\u0442\u044c.<\/span><\/div><\/div><div class=\"button_wrapper column2\"><a itemprop=\"url\" href=\"https:\/\/rmehitus.ee\/ru\/kontakt\/\" class=\"qbutton white \" target=\"\" style=\"\" >\u041a\u043e\u043d\u0442\u0430\u043a\u0442\u044b<\/a><\/div><\/div><\/div><\/div>[\/vc_column][\/vc_row][vc_row css_animation=&#187;&#187; row_type=&#187;row&#187; use_row_as_full_screen_section=&#187;no&#187; type=&#187;grid&#187; angled_section=&#187;no&#187; text_align=&#187;center&#187; background_image_as_pattern=&#187;without_pattern&#187; padding_top=&#187;73&#8243; padding_bottom=&#187;28&#8243; background_color=&#187;#ffffff&#187;][vc_column width=&#187;1\/4&#8243;]<span data-type=\"circle\"  data-hover-icon-color=\"#536060\" class=\"qode_icon_shortcode fa-stack q_font_awsome_icon_stack fa-lg  \" style=\"font-size: 27px;font-size: 42px;margin: 0 0 20px 0; \"><i class=\"fa fa-circle fa-stack-base fa-stack-2x\" style=\"color: #536060;\"><\/i><i class=\"qode_icon_font_awesome fa fa-home qode_icon_element fa-stack-1x\" style=\"font-size: 27px;color: #ffffff;\" ><\/i><\/span>[vc_column_text]<\/p>\n<h6>\u0420\u0430\u0431\u043e\u0442\u044b \u043f\u043e \u043a\u0440\u043e\u0432\u043b\u0435<\/h6>\n<p>[\/vc_column_text][vc_separator type=&#187;transparent&#187; up=&#187;45&#8243; down=&#187;0&#8243;][\/vc_column][vc_column width=&#187;1\/4&#8243;]<span data-type=\"circle\"  data-hover-icon-color=\"#536060\" class=\"qode_icon_shortcode fa-stack q_font_awsome_icon_stack fa-lg  \" style=\"font-size: 27px;font-size: 42px;margin: 0 0 20px 0; \"><i class=\"fa fa-circle fa-stack-base fa-stack-2x\" style=\"color: #536060;\"><\/i><i class=\"qode_icon_font_awesome fa fa-home qode_icon_element fa-stack-1x\" style=\"font-size: 27px;color: #ffffff;\" ><\/i><\/span>[vc_column_text]<\/p>\n<h6>\u0424\u0430\u0441\u0430\u0434\u043d\u044b\u0435 \u0440\u0430\u0431\u043e\u0442\u044b<\/h6>\n<p>[\/vc_column_text][vc_separator type=&#187;transparent&#187; up=&#187;45&#8243; down=&#187;0&#8243;][\/vc_column][vc_column width=&#187;1\/4&#8243;]<span data-type=\"circle\"  data-hover-icon-color=\"#536060\" class=\"qode_icon_shortcode fa-stack q_font_awsome_icon_stack fa-lg  \" style=\"font-size: 27px;font-size: 42px;margin: 0 0 20px 0; \"><i class=\"fa fa-circle fa-stack-base fa-stack-2x\" style=\"color: #536060;\"><\/i><i class=\"qode_icon_font_awesome fa fa-home qode_icon_element fa-stack-1x\" style=\"font-size: 27px;color: #ffffff;\" ><\/i><\/span>[vc_column_text]<\/p>\n<h6>\u0420\u0435\u043a\u043e\u043d\u0441\u0442\u0440\u0443\u043a\u0446\u0438\u044f<\/h6>\n<p>[\/vc_column_text][vc_separator type=&#187;transparent&#187; up=&#187;45&#8243; down=&#187;0&#8243;][\/vc_column][vc_column width=&#187;1\/4&#8243;]<span data-type=\"circle\"  data-hover-icon-color=\"#536060\" class=\"qode_icon_shortcode fa-stack q_font_awsome_icon_stack fa-lg  \" style=\"font-size: 27px;font-size: 42px;margin: 0 0 20px 0; \"><i class=\"fa fa-circle fa-stack-base fa-stack-2x\" style=\"color: #536060;\"><\/i><i class=\"qode_icon_font_awesome fa fa-home qode_icon_element fa-stack-1x\" style=\"font-size: 27px;color: #ffffff;\" ><\/i><\/span>[vc_column_text]<\/p>\n<h6>\u041f\u0440\u043e\u0435\u043a\u0442\u0438\u0440\u043e\u0432\u0430\u043d\u0438\u0435<\/h6>\n<p>[\/vc_column_text][\/vc_column][\/vc_row][vc_row row_type=&#187;parallax&#187; parallax_content_width=&#187;in_grid&#187; text_align=&#187;left&#187; full_screen_section_height=&#187;no&#187; background_image=&#187;15282&#8243; section_height=&#187;284&#8243;][vc_column][vc_row_inner row_type=&#187;row&#187; type=&#187;grid&#187; text_align=&#187;center&#187; css_animation=&#187;&#187; padding_top=&#187;69&#8243;][vc_column_inner width=&#187;1\/2&#8243;]<div class=\"q_counter_holder  center\" style=\"\" data-digit=\"1000\"><span class=\"counter  zero\" style=\"color: #ffffff;font-size: 40px;font-weight: 400;\">1000<\/span><span class=\"separator small\" style=\"background-color: #ffffff;\"><\/span><p class=\"counter_text\" style=\"font-size: 17px;font-weight: 500;text-transform: uppercase;color: #ffffff;\">\u041f\u0420\u0415\u0414\u041b\u041e\u0416\u0415\u041d\u0418\u042f<\/p><\/div>[vc_separator type=&#187;transparent&#187; up=&#187;45&#8243; down=&#187;0&#8243;][\/vc_column_inner][vc_column_inner width=&#187;1\/2&#8243;]<div class=\"q_counter_holder  center\" style=\"\" data-digit=\"200\"><span class=\"counter  zero\" style=\"color: #ffffff;font-size: 40px;font-weight: 400;\">200<\/span><span class=\"separator small\" style=\"background-color: #ffffff;\"><\/span><p class=\"counter_text\" style=\"font-size: 17px;font-weight: 500;text-transform: uppercase;color: #ffffff;\">\u0414\u041e\u0412\u041e\u041b\u042c\u041d\u042b\u0415 \u041a\u041b\u0418\u0415\u041d\u0422\u042b<\/p><\/div>[vc_separator type=&#187;transparent&#187; up=&#187;45&#8243; down=&#187;0&#8243;][\/vc_column_inner][\/vc_row_inner][\/vc_column][\/vc_row][vc_row css_animation=&#187;&#187; row_type=&#187;row&#187; use_row_as_full_screen_section=&#187;no&#187; type=&#187;grid&#187; angled_section=&#187;no&#187; text_align=&#187;center&#187; background_image_as_pattern=&#187;without_pattern&#187; padding_top=&#187;73&#8243; padding_bottom=&#187;54&#8243;][vc_column][vc_column_text]<\/p>\n<h4>\u041f\u041e\u0421\u041b\u0415\u0414\u041d\u0418\u0415 \u0420\u0410\u0411\u041e\u0422\u042b<\/h4>\n<p>[\/vc_column_text][vc_separator type=&#187;small&#187; position=&#187;center&#187; up=&#187;20&#8243; down=&#187;53&#8243;]<div class='projects_holder_outer v3 portfolio_with_space portfolio_standard'>\n        <div class='projects_holder portfolio_main_holder clearfix v3 standard portfolio_landscape_image '>\n        \n        <article class='mix default' style=''>\n    \n    \n    \n                <div class='image_holder'>\n                <a itemprop='url' class='portfolio_link_for_touch' href='https:\/\/rmehitus.ee\/ru\/tehtud-too\/kolgakula-katusetood\/' target='_self'>\n                    \n<span class='image'><img loading=\"lazy\" decoding=\"async\" width=\"800\" height=\"600\" src=\"https:\/\/rmehitus.ee\/wp-content\/uploads\/2024\/11\/IMG_3786-800x600.jpeg\" class=\"attachment-portfolio-landscape size-portfolio-landscape wp-post-image\" alt=\"\" \/><\/span>                <\/a>\n\n                <span class='text_holder'>\n    <span class='text_outer'>\n        <span class='text_inner'>\n            <span class='feature_holder'>\n                        <\/span>\n        <\/span>\n    <\/span>\n<\/span>            <\/div>\n                <div class='portfolio_description text_align_left' style=background-color:#f9f9f9;'>\n\n        \n    <h6 itemprop=\"name\" class=\"portfolio_title entry_title\"><a itemprop=\"url\" href=\"https:\/\/rmehitus.ee\/ru\/tehtud-too\/kolgakula-katusetood\/\"  target=\"_self\"> Kolgak\u00fcla katuset\u00f6\u00f6d<\/a><\/h6>\n\n\n            <div  class=\"portfolio_separator separator  small left\"><\/div>\n\n        \n    <\/div>\n        \n<\/article>\n<article class='mix default' style=''>\n    \n    \n    \n                <div class='image_holder'>\n                <a itemprop='url' class='portfolio_link_for_touch' href='https:\/\/rmehitus.ee\/ru\/tehtud-too\/tamsalu-katus-3\/' target='_self'>\n                    \n<span class='image'><img loading=\"lazy\" decoding=\"async\" width=\"800\" height=\"600\" src=\"https:\/\/rmehitus.ee\/wp-content\/uploads\/2024\/11\/IMG_4169-800x600.jpeg\" class=\"attachment-portfolio-landscape size-portfolio-landscape wp-post-image\" alt=\"\" srcset=\"https:\/\/rmehitus.ee\/wp-content\/uploads\/2024\/11\/IMG_4169-800x600.jpeg 800w, https:\/\/rmehitus.ee\/wp-content\/uploads\/2024\/11\/IMG_4169-300x225.jpeg 300w, https:\/\/rmehitus.ee\/wp-content\/uploads\/2024\/11\/IMG_4169-1024x768.jpeg 1024w, https:\/\/rmehitus.ee\/wp-content\/uploads\/2024\/11\/IMG_4169-768x576.jpeg 768w, https:\/\/rmehitus.ee\/wp-content\/uploads\/2024\/11\/IMG_4169-1536x1152.jpeg 1536w, https:\/\/rmehitus.ee\/wp-content\/uploads\/2024\/11\/IMG_4169-700x525.jpeg 700w, https:\/\/rmehitus.ee\/wp-content\/uploads\/2024\/11\/IMG_4169.jpeg 2000w\" sizes=\"auto, (max-width: 800px) 100vw, 800px\" \/><\/span>                <\/a>\n\n                <span class='text_holder'>\n    <span class='text_outer'>\n        <span class='text_inner'>\n            <span class='feature_holder'>\n                        <\/span>\n        <\/span>\n    <\/span>\n<\/span>            <\/div>\n                <div class='portfolio_description text_align_left' style=background-color:#f9f9f9;'>\n\n        \n    <h6 itemprop=\"name\" class=\"portfolio_title entry_title\"><a itemprop=\"url\" href=\"https:\/\/rmehitus.ee\/ru\/tehtud-too\/tamsalu-katus-3\/\"  target=\"_self\"> Tamsalu katus 3<\/a><\/h6>\n\n\n            <div  class=\"portfolio_separator separator  small left\"><\/div>\n\n        \n    <\/div>\n        \n<\/article>\n<article class='mix default' style=''>\n    \n    \n    \n                <div class='image_holder'>\n                <a itemprop='url' class='portfolio_link_for_touch' href='https:\/\/rmehitus.ee\/ru\/tehtud-too\/tamsalu-katus-2\/' target='_self'>\n                    \n<span class='image'><img loading=\"lazy\" decoding=\"async\" width=\"800\" height=\"600\" src=\"https:\/\/rmehitus.ee\/wp-content\/uploads\/2024\/08\/IMG_3450-800x600.jpeg\" class=\"attachment-portfolio-landscape size-portfolio-landscape wp-post-image\" alt=\"\" \/><\/span>                <\/a>\n\n                <span class='text_holder'>\n    <span class='text_outer'>\n        <span class='text_inner'>\n            <span class='feature_holder'>\n                        <\/span>\n        <\/span>\n    <\/span>\n<\/span>            <\/div>\n                <div class='portfolio_description text_align_left' style=background-color:#f9f9f9;'>\n\n        \n    <h6 itemprop=\"name\" class=\"portfolio_title entry_title\"><a itemprop=\"url\" href=\"https:\/\/rmehitus.ee\/ru\/tehtud-too\/tamsalu-katus-2\/\"  target=\"_self\"> Tamsalu katus 2<\/a><\/h6>\n\n\n            <div  class=\"portfolio_separator separator  small left\"><\/div>\n\n        \n    <\/div>\n        \n<\/article>\n<article class='mix default' style=''>\n    \n    \n    \n                <div class='image_holder'>\n                <a itemprop='url' class='portfolio_link_for_touch' href='https:\/\/rmehitus.ee\/ru\/tehtud-too\/tamsalu-katus\/' target='_self'>\n                    \n<span class='image'><img loading=\"lazy\" decoding=\"async\" width=\"800\" height=\"600\" src=\"https:\/\/rmehitus.ee\/wp-content\/uploads\/2024\/04\/IMG_2781-800x600.jpeg\" class=\"attachment-portfolio-landscape size-portfolio-landscape wp-post-image\" alt=\"\" \/><\/span>                <\/a>\n\n                <span class='text_holder'>\n    <span class='text_outer'>\n        <span class='text_inner'>\n            <span class='feature_holder'>\n                        <\/span>\n        <\/span>\n    <\/span>\n<\/span>            <\/div>\n                <div class='portfolio_description text_align_left' style=background-color:#f9f9f9;'>\n\n        \n    <h6 itemprop=\"name\" class=\"portfolio_title entry_title\"><a itemprop=\"url\" href=\"https:\/\/rmehitus.ee\/ru\/tehtud-too\/tamsalu-katus\/\"  target=\"_self\"> \u041a\u0440\u044b\u0448\u0430 \u0432 \u0422\u0430\u043c\u0441\u0430\u043b\u0443<\/a><\/h6>\n\n\n            <div  class=\"portfolio_separator separator  small left\"><\/div>\n\n        \n    <\/div>\n        \n<\/article>\n<article class='mix default' style=''>\n    \n    \n    \n                <div class='image_holder'>\n                <a itemprop='url' class='portfolio_link_for_touch' href='https:\/\/rmehitus.ee\/ru\/tehtud-too\/sauna-ehitus\/' target='_self'>\n                    \n<span class='image'><img loading=\"lazy\" decoding=\"async\" width=\"259\" height=\"194\" src=\"https:\/\/rmehitus.ee\/wp-content\/uploads\/2024\/04\/IMG_2541.jpeg\" class=\"attachment-portfolio-landscape size-portfolio-landscape wp-post-image\" alt=\"\" \/><\/span>                <\/a>\n\n                <span class='text_holder'>\n    <span class='text_outer'>\n        <span class='text_inner'>\n            <span class='feature_holder'>\n                        <\/span>\n        <\/span>\n    <\/span>\n<\/span>            <\/div>\n                <div class='portfolio_description text_align_left' style=background-color:#f9f9f9;'>\n\n        \n    <h6 itemprop=\"name\" class=\"portfolio_title entry_title\"><a itemprop=\"url\" href=\"https:\/\/rmehitus.ee\/ru\/tehtud-too\/sauna-ehitus\/\"  target=\"_self\"> \u0421\u0442\u0440\u043e\u0438\u0442\u0435\u043b\u044c\u0441\u0442\u0432\u043e \u0441\u0430\u0443\u043d\u044b<\/a><\/h6>\n\n\n            <div  class=\"portfolio_separator separator  small left\"><\/div>\n\n        \n    <\/div>\n        \n<\/article>\n<article class='mix default' style=''>\n    \n    \n    \n                <div class='image_holder'>\n                <a itemprop='url' class='portfolio_link_for_touch' href='https:\/\/rmehitus.ee\/ru\/tehtud-too\/simuna-katus\/' target='_self'>\n                    \n<span class='image'><img loading=\"lazy\" decoding=\"async\" width=\"800\" height=\"600\" src=\"https:\/\/rmehitus.ee\/wp-content\/uploads\/2024\/04\/IMG_2590-800x600.jpeg\" class=\"attachment-portfolio-landscape size-portfolio-landscape wp-post-image\" alt=\"\" \/><\/span>                <\/a>\n\n                <span class='text_holder'>\n    <span class='text_outer'>\n        <span class='text_inner'>\n            <span class='feature_holder'>\n                        <\/span>\n        <\/span>\n    <\/span>\n<\/span>            <\/div>\n                <div class='portfolio_description text_align_left' style=background-color:#f9f9f9;'>\n\n        \n    <h6 itemprop=\"name\" class=\"portfolio_title entry_title\"><a itemprop=\"url\" href=\"https:\/\/rmehitus.ee\/ru\/tehtud-too\/simuna-katus\/\"  target=\"_self\"> \u041a\u0440\u044b\u0448\u0430 \u0432 \u0421\u0438\u043c\u0443\u043d\u0430<\/a><\/h6>\n\n\n            <div  class=\"portfolio_separator separator  small left\"><\/div>\n\n        \n    <\/div>\n        \n<\/article>\n        <div class='filler'><\/div>\n            <div class='filler'><\/div>\n            <div class='filler'><\/div>\n        <\/div>\n\n    \n    <\/div>[\/vc_column][\/vc_row]<\/p>\n<\/div>","protected":false},"excerpt":{"rendered":"<p>[vc_row css_animation=&#187;&#187; row_type=&#187;row&#187; use_row_as_full_screen_section=&#187;no&#187; type=&#187;full_width&#187; angled_section=&#187;no&#187; text_align=&#187;left&#187; background_image_as_pattern=&#187;without_pattern&#187;][vc_column][\/vc_column][\/vc_row][vc_row css_animation=&#187;&#187; row_type=&#187;row&#187; use_row_as_full_screen_section=&#187;no&#187; type=&#187;grid&#187; angled_section=&#187;no&#187; text_align=&#187;center&#187; background_image_as_pattern=&#187;without_pattern&#187; padding_top=&#187;73&#8243; padding_bottom=&#187;28&#8243; background_color=&#187;#ffffff&#187;][vc_column width=&#187;1\/4&#8243;][vc_column_text] \u0420\u0430\u0431\u043e\u0442\u044b \u043f\u043e \u043a\u0440\u043e\u0432\u043b\u0435 [\/vc_column_text][vc_separator type=&#187;transparent&#187; up=&#187;45&#8243; down=&#187;0&#8243;][\/vc_column][vc_column width=&#187;1\/4&#8243;][vc_column_text] \u0424\u0430\u0441\u0430\u0434\u043d\u044b\u0435 \u0440\u0430\u0431\u043e\u0442\u044b [\/vc_column_text][vc_separator type=&#187;transparent&#187; up=&#187;45&#8243; down=&#187;0&#8243;][\/vc_column][vc_column width=&#187;1\/4&#8243;][vc_column_text] \u0420\u0435\u043a\u043e\u043d\u0441\u0442\u0440\u0443\u043a\u0446\u0438\u044f [\/vc_column_text][vc_separator type=&#187;transparent&#187; up=&#187;45&#8243; down=&#187;0&#8243;][\/vc_column][vc_column width=&#187;1\/4&#8243;][vc_column_text] \u041f\u0440\u043e\u0435\u043a\u0442\u0438\u0440\u043e\u0432\u0430\u043d\u0438\u0435 [\/vc_column_text][\/vc_column][\/vc_row][vc_row row_type=&#187;parallax&#187; parallax_content_width=&#187;in_grid&#187; text_align=&#187;left&#187;&#8230;<\/p>\n","protected":false},"author":1,"featured_media":0,"parent":0,"menu_order":0,"comment_status":"closed","ping_status":"closed","template":"full_width.php","meta":{"footnotes":""},"class_list":["post-15252","page","type-page","status-publish","hentry"],"_links":{"self":[{"href":"https:\/\/rmehitus.ee\/ru\/wp-json\/wp\/v2\/pages\/15252","targetHints":{"allow":["GET"]}}],"collection":[{"href":"https:\/\/rmehitus.ee\/ru\/wp-json\/wp\/v2\/pages"}],"about":[{"href":"https:\/\/rmehitus.ee\/ru\/wp-json\/wp\/v2\/types\/page"}],"author":[{"embeddable":true,"href":"https:\/\/rmehitus.ee\/ru\/wp-json\/wp\/v2\/users\/1"}],"replies":[{"embeddable":true,"href":"https:\/\/rmehitus.ee\/ru\/wp-json\/wp\/v2\/comments?post=15252"}],"version-history":[{"count":5,"href":"https:\/\/rmehitus.ee\/ru\/wp-json\/wp\/v2\/pages\/15252\/revisions"}],"predecessor-version":[{"id":15571,"href":"https:\/\/rmehitus.ee\/ru\/wp-json\/wp\/v2\/pages\/15252\/revisions\/15571"}],"wp:attachment":[{"href":"https:\/\/rmehitus.ee\/ru\/wp-json\/wp\/v2\/media?parent=15252"}],"curies":[{"name":"wp","href":"https:\/\/api.w.org\/{rel}","templated":true}]}}